{"id":84,"date":"2020-03-31T11:16:22","date_gmt":"2020-03-31T09:16:22","guid":{"rendered":"http:\/\/team-events.nc\/?page_id=84"},"modified":"2021-06-22T19:34:05","modified_gmt":"2021-06-22T08:34:05","slug":"team-building-en-nouvelle-caledonie","status":"publish","type":"page","link":"https:\/\/team-events.nc\/index.php\/team-building-en-nouvelle-caledonie\/","title":{"rendered":"Team Building en Nouvelle-Cal\u00e9donie"},"content":{"rendered":"\n<p><strong>TEAM EVENTS<\/strong> vous propose son savoir-faire et ses valeurs&nbsp;en conception et <strong>organisation d\u2019\u00e9v\u00e9nements<\/strong> sur l&#8217;immense terrain de jeu qu&#8217;est la <strong>Nouvelle-Cal\u00e9donie<\/strong> :&nbsp;<\/p>\n\n\n\n<p>Rallye, jeu de piste, team-building, incentive \u2026<\/p>\n\n\n\n<h2 class=\"has-very-dark-gray-color has-text-color\"><strong>D\u00e9couvrir la richesse des paysages du territoire cal\u00e9donien !<\/strong><\/h2>\n\n\n\n<div class=\"wp-block-group\"><div class=\"wp-block-group__inner-container\">\n<div class=\"wp-block-media-text alignwide is-stacked-on-mobile\"><figure class=\"wp-block-media-text__media\"><a href=\"https:\/\/www.nouvellecaledonie.travel\/fr\/\" target=\"_blank\" rel=\"noopener noreferrer\"><img loading=\"lazy\" width=\"1024\" height=\"1024\" src=\"http:\/\/team-events.nc\/wp-content\/uploads\/2020\/04\/nouvellecaledonie-tourisme-1024x1024.jpg\" alt=\"\" class=\"wp-image-480 size-full\" srcset=\"https:\/\/team-events.nc\/wp-content\/uploads\/2020\/04\/nouvellecaledonie-tourisme-1024x1024.jpg 1024w, https:\/\/team-events.nc\/wp-content\/uploads\/2020\/04\/nouvellecaledonie-tourisme-300x300.jpg 300w, https:\/\/team-events.nc\/wp-content\/uploads\/2020\/04\/nouvellecaledonie-tourisme-150x150.jpg 150w, https:\/\/team-events.nc\/wp-content\/uploads\/2020\/04\/nouvellecaledonie-tourisme-768x768.jpg 768w, https:\/\/team-events.nc\/wp-content\/uploads\/2020\/04\/nouvellecaledonie-tourisme-100x100.jpg 100w, https:\/\/team-events.nc\/wp-content\/uploads\/2020\/04\/nouvellecaledonie-tourisme.jpg 1280w\" sizes=\"(max-width: 767px) 89vw, (max-width: 1000px) 54vw, (max-width: 1071px) 543px, 580px\" \/><\/a><\/figure><div class=\"wp-block-media-text__content\">\n<p class=\"has-text-color has-background\" style=\"background-color:#94c11f;color:#ffffff;font-size:19px\"><strong>Team Events <\/strong>se d\u00e9place sur tout le territoire de la<strong> <a rel=\"noreferrer noopener\" href=\"https:\/\/www.nouvellecaledonie.travel\/fr\/\" target=\"_blank\">Nouvelle-Cal\u00e9donie<\/a><\/strong><\/p>\n<\/div><\/div>\n<\/div><\/div>\n\n\n\n<p>Sur-mesure ou pr\u00eates \u00e0 jouer, nos activit\u00e9s de team building sont des op\u00e9rations infaillibles de stimulation ou de coh\u00e9sion d\u2019\u00e9quipes, accessibles \u00e0 tous.<\/p>\n\n\n\n<figure class=\"wp-block-gallery columns-3 is-cropped\"><ul class=\"blocks-gallery-grid\"><li class=\"blocks-gallery-item\"><figure><img loading=\"lazy\" width=\"1024\" height=\"765\" src=\"http:\/\/team-events.nc\/wp-content\/uploads\/2020\/04\/10-10-1024x765.jpg\" alt=\"\" data-id=\"289\" data-full-url=\"http:\/\/team-events.nc\/wp-content\/uploads\/2020\/04\/10-10-scaled.jpg\" data-link=\"http:\/\/team-events.nc\/10-10\/\" class=\"wp-image-289\" srcset=\"https:\/\/team-events.nc\/wp-content\/uploads\/2020\/04\/10-10-1024x765.jpg 1024w, https:\/\/team-events.nc\/wp-content\/uploads\/2020\/04\/10-10-300x224.jpg 300w, https:\/\/team-events.nc\/wp-content\/uploads\/2020\/04\/10-10-768x574.jpg 768w, https:\/\/team-events.nc\/wp-content\/uploads\/2020\/04\/10-10-1536x1147.jpg 1536w, https:\/\/team-events.nc\/wp-content\/uploads\/2020\/04\/10-10-2048x1530.jpg 2048w\" sizes=\"(max-width: 767px) 89vw, (max-width: 1000px) 54vw, (max-width: 1071px) 543px, 580px\" \/><figcaption class=\"blocks-gallery-item__caption\">De magnifiques endroits pour votre Team Building<\/figcaption><\/figure><\/li><li class=\"blocks-gallery-item\"><figure><img loading=\"lazy\" width=\"1024\" height=\"768\" src=\"http:\/\/team-events.nc\/wp-content\/uploads\/2020\/04\/10-8-1024x768.jpg\" alt=\"\" data-id=\"287\" data-full-url=\"http:\/\/team-events.nc\/wp-content\/uploads\/2020\/04\/10-8.jpg\" data-link=\"http:\/\/team-events.nc\/10-8\/\" class=\"wp-image-287\" srcset=\"https:\/\/team-events.nc\/wp-content\/uploads\/2020\/04\/10-8-1024x768.jpg 1024w, https:\/\/team-events.nc\/wp-content\/uploads\/2020\/04\/10-8-300x225.jpg 300w, https:\/\/team-events.nc\/wp-content\/uploads\/2020\/04\/10-8-768x576.jpg 768w, https:\/\/team-events.nc\/wp-content\/uploads\/2020\/04\/10-8-1536x1152.jpg 1536w, https:\/\/team-events.nc\/wp-content\/uploads\/2020\/04\/10-8-2048x1536.jpg 2048w\" sizes=\"(max-width: 767px) 89vw, (max-width: 1000px) 54vw, (max-width: 1071px) 543px, 580px\" \/><figcaption class=\"blocks-gallery-item__caption\">Randonn\u00e9es kayak<\/figcaption><\/figure><\/li><li class=\"blocks-gallery-item\"><figure><img loading=\"lazy\" width=\"1024\" height=\"681\" src=\"http:\/\/team-events.nc\/wp-content\/uploads\/2020\/04\/7-8-1024x681.jpg\" alt=\"\" data-id=\"272\" data-full-url=\"http:\/\/team-events.nc\/wp-content\/uploads\/2020\/04\/7-8-scaled.jpg\" data-link=\"http:\/\/team-events.nc\/7-8\/\" class=\"wp-image-272\" srcset=\"https:\/\/team-events.nc\/wp-content\/uploads\/2020\/04\/7-8-1024x681.jpg 1024w, https:\/\/team-events.nc\/wp-content\/uploads\/2020\/04\/7-8-300x200.jpg 300w, https:\/\/team-events.nc\/wp-content\/uploads\/2020\/04\/7-8-768x511.jpg 768w, https:\/\/team-events.nc\/wp-content\/uploads\/2020\/04\/7-8-1536x1022.jpg 1536w, https:\/\/team-events.nc\/wp-content\/uploads\/2020\/04\/7-8-2048x1363.jpg 2048w\" sizes=\"(max-width: 767px) 89vw, (max-width: 1000px) 54vw, (max-width: 1071px) 543px, 580px\" \/><figcaption class=\"blocks-gallery-item__caption\">Team Events est ouvert aux technologies innovantes<\/figcaption><\/figure><\/li><li class=\"blocks-gallery-item\"><figure><img loading=\"lazy\" width=\"765\" height=\"1024\" src=\"http:\/\/team-events.nc\/wp-content\/uploads\/2020\/04\/4-2-765x1024.jpg\" alt=\"\" data-id=\"242\" data-full-url=\"http:\/\/team-events.nc\/wp-content\/uploads\/2020\/04\/4-2-scaled.jpg\" data-link=\"http:\/\/team-events.nc\/4-2\/\" class=\"wp-image-242\" srcset=\"https:\/\/team-events.nc\/wp-content\/uploads\/2020\/04\/4-2-765x1024.jpg 765w, https:\/\/team-events.nc\/wp-content\/uploads\/2020\/04\/4-2-224x300.jpg 224w, https:\/\/team-events.nc\/wp-content\/uploads\/2020\/04\/4-2-768x1028.jpg 768w, https:\/\/team-events.nc\/wp-content\/uploads\/2020\/04\/4-2-1147x1536.jpg 1147w, https:\/\/team-events.nc\/wp-content\/uploads\/2020\/04\/4-2-1530x2048.jpg 1530w, https:\/\/team-events.nc\/wp-content\/uploads\/2020\/04\/4-2-scaled.jpg 1912w\" sizes=\"(max-width: 706px) 89vw, (max-width: 767px) 82vw, 740px\" \/><figcaption class=\"blocks-gallery-item__caption\">Les jeux se r\u00e9alisent en \u00e9quipe<\/figcaption><\/figure><\/li><li class=\"blocks-gallery-item\"><figure><img loading=\"lazy\" width=\"1024\" height=\"683\" src=\"http:\/\/team-events.nc\/wp-content\/uploads\/2020\/04\/15-1024x683.jpg\" alt=\"\" data-id=\"193\" data-full-url=\"http:\/\/team-events.nc\/wp-content\/uploads\/2020\/04\/15.jpg\" data-link=\"http:\/\/team-events.nc\/15\/\" class=\"wp-image-193\" srcset=\"https:\/\/team-events.nc\/wp-content\/uploads\/2020\/04\/15-1024x683.jpg 1024w, https:\/\/team-events.nc\/wp-content\/uploads\/2020\/04\/15-300x200.jpg 300w, https:\/\/team-events.nc\/wp-content\/uploads\/2020\/04\/15-768x512.jpg 768w, https:\/\/team-events.nc\/wp-content\/uploads\/2020\/04\/15-1536x1024.jpg 1536w, https:\/\/team-events.nc\/wp-content\/uploads\/2020\/04\/15.jpg 1600w\" sizes=\"(max-width: 767px) 89vw, (max-width: 1000px) 54vw, (max-width: 1071px) 543px, 580px\" \/><figcaption class=\"blocks-gallery-item__caption\">Terrain de jeu parfois outdoor et sportif<\/figcaption><\/figure><\/li><\/ul><\/figure>\n\n\n\n<p>Nos terrains de jeu de pr\u00e9dilection :<\/p>\n\n\n\n<ul><li>centre-ville de Noum\u00e9a,<\/li><li>ch\u00e2teau Hagen,<\/li><li>Ouen Toro,<\/li><li>parc forestier de Noum\u00e9a,<\/li><li>parc Fayard,<\/li><li>surf camp de Ouano,<\/li><li>\u00eelot Ma\u00eetre,<\/li><li>Kuendu beach,<\/li><li>march\u00e9 Moselle,<\/li><li>le grand Sud,<\/li><li>et pleins d&#8217;autres destinations selon vos souhaits et vos envies !<\/li><\/ul>\n\n\n\n<hr class=\"wp-block-separator\"\/>\n\n\n\n<p><strong>Les lieux et territoires o\u00f9 nous intervenons r\u00e9guli\u00e8rement :<\/strong><\/p>\n\n\n\n<div class=\"wp-block-image\"><figure class=\"aligncenter size-large is-resized\"><a href=\"http:\/\/www.glphotels.ovh\/escapade\/\" target=\"_blank\" rel=\"noopener noreferrer\"><img src=\"http:\/\/team-events.nc\/wp-content\/uploads\/2020\/04\/http-_www.glphotels.ovh_escapade_.png\" alt=\"\" class=\"wp-image-590\" width=\"250\"\/><\/a><figcaption>l&#8217;Escapade sur l&#8217;\u00eelot Ma\u00eetre<\/figcaption><\/figure><\/div>\n\n\n\n<hr class=\"wp-block-separator\"\/>\n\n\n\n<div class=\"wp-block-image\"><figure class=\"aligncenter size-large is-resized\"><a href=\"https:\/\/www.kuendubeach.com\/\" target=\"_blank\" rel=\"noopener noreferrer\"><img src=\"http:\/\/team-events.nc\/wp-content\/uploads\/2020\/04\/https-_www.kuendubeach.com_.png\" alt=\"\" class=\"wp-image-592\" width=\"250\" srcset=\"https:\/\/team-events.nc\/wp-content\/uploads\/2020\/04\/https-_www.kuendubeach.com_.png 225w, https:\/\/team-events.nc\/wp-content\/uploads\/2020\/04\/https-_www.kuendubeach.com_-150x150.png 150w, https:\/\/team-events.nc\/wp-content\/uploads\/2020\/04\/https-_www.kuendubeach.com_-100x100.png 100w\" sizes=\"(max-width: 225px) 100vw, 225px\" \/><\/a><figcaption>Kuendu Beach Resort \u00e0 Nouville<\/figcaption><\/figure><\/div>\n\n\n\n<hr class=\"wp-block-separator\"\/>\n\n\n\n<div class=\"wp-block-image\"><figure class=\"aligncenter size-large is-resized\"><a href=\"https:\/\/www.noumea.nc\/decouvrir-noumea\/tourisme\" target=\"_blank\" rel=\"noopener noreferrer\"><img src=\"http:\/\/team-events.nc\/wp-content\/uploads\/2020\/04\/https-_www.noumea.nc_decouvrir-noumea_tourisme.png\" alt=\"\" class=\"wp-image-593\" width=\"250\" srcset=\"https:\/\/team-events.nc\/wp-content\/uploads\/2020\/04\/https-_www.noumea.nc_decouvrir-noumea_tourisme.png 349w, https:\/\/team-events.nc\/wp-content\/uploads\/2020\/04\/https-_www.noumea.nc_decouvrir-noumea_tourisme-293x300.png 293w\" sizes=\"(max-width: 349px) 100vw, 349px\" \/><\/a><figcaption>La ville de Noum\u00e9a<\/figcaption><\/figure><\/div>\n\n\n\n<hr class=\"wp-block-separator\"\/>\n\n\n\n<div class=\"wp-block-image\"><figure class=\"aligncenter size-large is-resized\"><a href=\"https:\/\/www.province-sud.nc\/page-votre-province\/chateau-hagen\" target=\"_blank\" rel=\"noopener noreferrer\"><img src=\"http:\/\/team-events.nc\/wp-content\/uploads\/2020\/04\/https-_www.province-sud.nc_page-votre-province_chateau-hagen.jpg\" alt=\"\" class=\"wp-image-595\" width=\"262\" srcset=\"https:\/\/team-events.nc\/wp-content\/uploads\/2020\/04\/https-_www.province-sud.nc_page-votre-province_chateau-hagen.jpg 875w, https:\/\/team-events.nc\/wp-content\/uploads\/2020\/04\/https-_www.province-sud.nc_page-votre-province_chateau-hagen-300x85.jpg 300w, https:\/\/team-events.nc\/wp-content\/uploads\/2020\/04\/https-_www.province-sud.nc_page-votre-province_chateau-hagen-768x218.jpg 768w\" sizes=\"(max-width: 767px) 89vw, (max-width: 1000px) 54vw, (max-width: 1071px) 543px, 580px\" \/><\/a><figcaption>Le ch\u00e2teau Hagen<\/figcaption><\/figure><\/div>\n\n\n\n<hr class=\"wp-block-separator\"\/>\n\n\n\n<div class=\"wp-block-image\"><figure class=\"aligncenter size-large is-resized\"><a href=\"https:\/\/www.province-sud.nc\/page-votre-province\/parc-provincial-riviere-bleue\" target=\"_blank\" rel=\"noopener noreferrer\"><img src=\"http:\/\/team-events.nc\/wp-content\/uploads\/2020\/04\/https-_www.province-sud.nc_page-votre-province_parc-provincial-riviere-bleue.jpg\" alt=\"\" class=\"wp-image-596\" width=\"250\" srcset=\"https:\/\/team-events.nc\/wp-content\/uploads\/2020\/04\/https-_www.province-sud.nc_page-votre-province_parc-provincial-riviere-bleue.jpg 593w, https:\/\/team-events.nc\/wp-content\/uploads\/2020\/04\/https-_www.province-sud.nc_page-votre-province_parc-provincial-riviere-bleue-295x300.jpg 295w\" sizes=\"(max-width: 593px) 100vw, 593px\" \/><\/a><figcaption>Le parc de la Rivi\u00e8re Bleue<\/figcaption><\/figure><\/div>\n\n\n\n<hr class=\"wp-block-separator\"\/>\n\n\n\n<div class=\"wp-block-image\"><figure class=\"aligncenter size-large is-resized\"><a href=\"https:\/\/www.province-sud.nc\/page-votre-province\/parc-zoologique-forestier\" target=\"_blank\" rel=\"noopener noreferrer\"><img src=\"http:\/\/team-events.nc\/wp-content\/uploads\/2020\/04\/https-_www.province-sud.nc_page-votre-province_parc-zoologique-forestier.jpeg\" alt=\"\" class=\"wp-image-597\" width=\"250\"\/><\/a><figcaption>Le Parc Forestier<\/figcaption><\/figure><\/div>\n\n\n\n<hr class=\"wp-block-separator\"\/>\n\n\n\n<div class=\"wp-block-image\"><figure class=\"aligncenter size-large is-resized\"><a href=\"https:\/\/www.ville-dumbea.nc\/les-incontournables\/\" target=\"_blank\" rel=\"noopener noreferrer\"><img src=\"http:\/\/team-events.nc\/wp-content\/uploads\/2020\/04\/https-_www.ville-dumbea.nc_les-incontournables.png\" alt=\"\" class=\"wp-image-598\" width=\"250\" srcset=\"https:\/\/team-events.nc\/wp-content\/uploads\/2020\/04\/https-_www.ville-dumbea.nc_les-incontournables.png 397w, https:\/\/team-events.nc\/wp-content\/uploads\/2020\/04\/https-_www.ville-dumbea.nc_les-incontournables-300x96.png 300w\" sizes=\"(max-width: 397px) 100vw, 397px\" \/><\/a><figcaption>La ville de Dumbea<\/figcaption><\/figure><\/div>\n\n\n\n<p>&#8230; et bien d&#8217;autres encore ! <\/p>\n","protected":false},"excerpt":{"rendered":"<p>TEAM EVENTS vous propose son savoir-faire et ses valeurs&nbsp;en conception et organisation d\u2019\u00e9v\u00e9nements sur l&#8217;immense terrain de jeu qu&#8217;est la Nouvelle-Cal\u00e9donie :&nbsp; Rallye, jeu de piste, team-building, incentive \u2026 D\u00e9couvrir la richesse des paysages du territoire cal\u00e9donien ! Sur-mesure ou pr\u00eates \u00e0 jouer, nos activit\u00e9s de team building sont des op\u00e9rations infaillibles de stimulation ou de coh\u00e9sion d\u2019\u00e9quipes, accessibles \u00e0 tous. Nos terrains de jeu de pr\u00e9dilection : centre-ville de Noum\u00e9a, ch\u00e2teau Hagen, Ouen Toro, &hellip; <\/p>\n<p class=\"link-more\"><a href=\"https:\/\/team-events.nc\/index.php\/team-building-en-nouvelle-caledonie\/\" class=\"more-link\">Continuer la lecture<span class=\"screen-reader-text\"> de &laquo;&nbsp;Team Building en Nouvelle-Cal\u00e9donie&nbsp;&raquo;<\/span><\/a><\/p>\n","protected":false},"author":1,"featured_media":128,"parent":0,"menu_order":0,"comment_status":"closed","ping_status":"closed","template":"","meta":[],"yoast_head":"<!-- This site is optimized with the Yoast SEO plugin v16.5 - https:\/\/yoast.com\/wordpress\/plugins\/seo\/ -->\n<title>Team Building en Nouvelle-Cal\u00e9donie - Team Events coh\u00e9sion \u00e9quipe<\/title>\n<meta name=\"description\" content=\"TEAM EVENTS vous propose son savoir-faire et ses valeurs en conception et organisation d\u2019\u00e9v\u00e9nements sur le terrain de jeu qu&#039;est la Nouvelle-Cal\u00e9donie !\" \/>\n<meta name=\"robots\" content=\"index, follow, max-snippet:-1, max-image-preview:large, max-video-preview:-1\" \/>\n<link rel=\"canonical\" href=\"https:\/\/team-events.nc\/index.php\/team-building-en-nouvelle-caledonie\/\" \/>\n<meta property=\"og:locale\" content=\"fr_FR\" \/>\n<meta property=\"og:type\" content=\"article\" \/>\n<meta property=\"og:title\" content=\"Team Building en Nouvelle-Cal\u00e9donie - Team Events coh\u00e9sion \u00e9quipe\" \/>\n<meta property=\"og:description\" content=\"TEAM EVENTS vous propose son savoir-faire et ses valeurs en conception et organisation d\u2019\u00e9v\u00e9nements sur le terrain de jeu qu&#039;est la Nouvelle-Cal\u00e9donie !\" \/>\n<meta property=\"og:url\" content=\"https:\/\/team-events.nc\/index.php\/team-building-en-nouvelle-caledonie\/\" \/>\n<meta property=\"og:site_name\" content=\"Team Events\" \/>\n<meta property=\"article:modified_time\" content=\"2021-06-22T08:34:05+00:00\" \/>\n<meta property=\"og:image\" content=\"https:\/\/team-events.nc\/wp-content\/uploads\/2020\/04\/16.jpg\" \/>\n\t<meta property=\"og:image:width\" content=\"2560\" \/>\n\t<meta property=\"og:image:height\" content=\"1920\" \/>\n<meta name=\"twitter:card\" content=\"summary_large_image\" \/>\n<meta name=\"twitter:label1\" content=\"Dur\u00e9e de lecture est.\" \/>\n\t<meta name=\"twitter:data1\" content=\"1 minute\" \/>\n<script type=\"application\/ld+json\" class=\"yoast-schema-graph\">{\"@context\":\"https:\/\/schema.org\",\"@graph\":[{\"@type\":\"Organization\",\"@id\":\"https:\/\/team-events.nc\/#organization\",\"name\":\"Team Events Noum\\u00e9a\",\"url\":\"https:\/\/team-events.nc\/\",\"sameAs\":[],\"logo\":{\"@type\":\"ImageObject\",\"@id\":\"https:\/\/team-events.nc\/#logo\",\"inLanguage\":\"fr-FR\",\"url\":\"https:\/\/team-events.nc\/wp-content\/uploads\/2019\/04\/TEAM_EVENTS_Logo1.png\",\"contentUrl\":\"https:\/\/team-events.nc\/wp-content\/uploads\/2019\/04\/TEAM_EVENTS_Logo1.png\",\"width\":842,\"height\":595,\"caption\":\"Team Events Noum\\u00e9a\"},\"image\":{\"@id\":\"https:\/\/team-events.nc\/#logo\"}},{\"@type\":\"WebSite\",\"@id\":\"https:\/\/team-events.nc\/#website\",\"url\":\"https:\/\/team-events.nc\/\",\"name\":\"Team Events\",\"description\":\"Tous vos \\u00e9v\\u00e9nements professionnels en Nouvelle-Cal\\u00e9donie\",\"publisher\":{\"@id\":\"https:\/\/team-events.nc\/#organization\"},\"potentialAction\":[{\"@type\":\"SearchAction\",\"target\":\"https:\/\/team-events.nc\/?s={search_term_string}\",\"query-input\":\"required name=search_term_string\"}],\"inLanguage\":\"fr-FR\"},{\"@type\":\"ImageObject\",\"@id\":\"https:\/\/team-events.nc\/index.php\/team-building-en-nouvelle-caledonie\/#primaryimage\",\"inLanguage\":\"fr-FR\",\"url\":\"https:\/\/team-events.nc\/wp-content\/uploads\/2020\/04\/16.jpg\",\"contentUrl\":\"https:\/\/team-events.nc\/wp-content\/uploads\/2020\/04\/16.jpg\",\"width\":2560,\"height\":1920,\"caption\":\"activit\\u00e9s de coh\\u00e9sion d'\\u00e9quipes en Nouvelle-Cal\\u00e9donie, Noumea\"},{\"@type\":\"WebPage\",\"@id\":\"https:\/\/team-events.nc\/index.php\/team-building-en-nouvelle-caledonie\/#webpage\",\"url\":\"https:\/\/team-events.nc\/index.php\/team-building-en-nouvelle-caledonie\/\",\"name\":\"Team Building en Nouvelle-Cal\\u00e9donie - Team Events coh\\u00e9sion \\u00e9quipe\",\"isPartOf\":{\"@id\":\"https:\/\/team-events.nc\/#website\"},\"primaryImageOfPage\":{\"@id\":\"https:\/\/team-events.nc\/index.php\/team-building-en-nouvelle-caledonie\/#primaryimage\"},\"datePublished\":\"2020-03-31T09:16:22+00:00\",\"dateModified\":\"2021-06-22T08:34:05+00:00\",\"description\":\"TEAM EVENTS vous propose son savoir-faire et ses valeurs en conception et organisation d\\u2019\\u00e9v\\u00e9nements sur le terrain de jeu qu'est la Nouvelle-Cal\\u00e9donie !\",\"breadcrumb\":{\"@id\":\"https:\/\/team-events.nc\/index.php\/team-building-en-nouvelle-caledonie\/#breadcrumb\"},\"inLanguage\":\"fr-FR\",\"potentialAction\":[{\"@type\":\"ReadAction\",\"target\":[\"https:\/\/team-events.nc\/index.php\/team-building-en-nouvelle-caledonie\/\"]}]},{\"@type\":\"BreadcrumbList\",\"@id\":\"https:\/\/team-events.nc\/index.php\/team-building-en-nouvelle-caledonie\/#breadcrumb\",\"itemListElement\":[{\"@type\":\"ListItem\",\"position\":1,\"name\":\"Accueil\",\"item\":\"https:\/\/team-events.nc\/\"},{\"@type\":\"ListItem\",\"position\":2,\"name\":\"Team Building en Nouvelle-Cal\\u00e9donie\"}]}]}<\/script>\n<!-- \/ Yoast SEO plugin. -->","_links":{"self":[{"href":"https:\/\/team-events.nc\/index.php\/wp-json\/wp\/v2\/pages\/84"}],"collection":[{"href":"https:\/\/team-events.nc\/index.php\/wp-json\/wp\/v2\/pages"}],"about":[{"href":"https:\/\/team-events.nc\/index.php\/wp-json\/wp\/v2\/types\/page"}],"author":[{"embeddable":true,"href":"https:\/\/team-events.nc\/index.php\/wp-json\/wp\/v2\/users\/1"}],"replies":[{"embeddable":true,"href":"https:\/\/team-events.nc\/index.php\/wp-json\/wp\/v2\/comments?post=84"}],"version-history":[{"count":24,"href":"https:\/\/team-events.nc\/index.php\/wp-json\/wp\/v2\/pages\/84\/revisions"}],"predecessor-version":[{"id":958,"href":"https:\/\/team-events.nc\/index.php\/wp-json\/wp\/v2\/pages\/84\/revisions\/958"}],"wp:featuredmedia":[{"embeddable":true,"href":"https:\/\/team-events.nc\/index.php\/wp-json\/wp\/v2\/media\/128"}],"wp:attachment":[{"href":"https:\/\/team-events.nc\/index.php\/wp-json\/wp\/v2\/media?parent=84"}],"curies":[{"name":"wp","href":"https:\/\/api.w.org\/{rel}","templated":true}]}}